{"id":203,"date":"2011-09-14T09:45:02","date_gmt":"2011-09-14T09:45:02","guid":{"rendered":"http:\/\/dev.viaduc.ch\/"},"modified":"2020-04-04T09:27:09","modified_gmt":"2020-04-04T07:27:09","slug":"home","status":"publish","type":"page","link":"https:\/\/www.viaduc.ch\/classics\/","title":{"rendered":"Accueil"},"content":{"rendered":"<div class=\"mp-row-fluid motopress-row mpce-dsbl-margin-left mpce-dsbl-margin-right\">\n<div class=\"motopress-clmn mp-span12  mpce-dsbl-margin-left mpce-dsbl-margin-right\">\n<p>&nbsp;<\/p>\n<div class=\"row \"><div class=\"span6 \"><section class=\"lazy-load-box  trigger effect-slidefromleft\" data-delay=\"200\" data-speed=\"800\" style=\"-webkit-transition: all 800ms ease; -moz-transition: all 800ms ease; -ms-transition: all 800ms ease; -o-transition: all 800ms ease; transition: all 800ms ease;\">\n<p>&nbsp;<\/p>\n<p><a href=\"https:\/\/www.viaduc.ch\/classics\/wp-content\/uploads\/sites\/2\/2020\/03\/case-grise-scaled-1-1.jpg\"><img loading=\"lazy\" decoding=\"async\" class=\"alignnone  wp-image-2488\" src=\"https:\/\/www.viaduc.ch\/classics\/wp-content\/uploads\/sites\/2\/2020\/04\/Capture-d\u2019\u00e9cran-2020-04-04-\u00e0-09.19.35-copie-copie_2.png\" alt=\"\" width=\"571\" height=\"325\" \/><\/a><\/p>\n<p>&nbsp;<\/p>\n<\/section><\/div><div class=\"span6 \"><section class=\"lazy-load-box  trigger effect-slidefromright\" data-delay=\"200\" data-speed=\"800\" style=\"-webkit-transition: all 800ms ease; -moz-transition: all 800ms ease; -ms-transition: all 800ms ease; -o-transition: all 800ms ease; transition: all 800ms ease;\"><div class=\"service-box style_2 text-left\"><div class=\"service-box_body\"><h2 class=\"title\">Bienvenue<\/h2><h5 class=\"sub-title\">dans notre d\u00e9partement<br \/>\nviaduc classics<\/h5><div class=\"service-box_txt\">De l'entretien aux travaux de r\u00e9stauration les plus complexes. Notre exp\u00e9rience depuis plus de 35 ans nous permet de respecter les mat\u00e9riaux d'origine et travailler dans le savoir-faire et la technique de l'\u00e9poque. Chaque restauration est pour nous une belle aventure et un d\u00e9fi.<\/div><\/div><\/div><!-- \/Service Box --><\/section><\/div><\/div><!-- .row (end) --><div class=\"content_box  \"><section class=\"lazy-load-box  trigger effect-fade\" data-delay=\"200\" data-speed=\"800\" style=\"-webkit-transition: all 800ms ease; -moz-transition: all 800ms ease; -ms-transition: all 800ms ease; -o-transition: all 800ms ease; transition: all 800ms ease;\"><div class=\"title-box clearfix \"><h2 class=\"title-box_primary\"><\/h2><h3 class=\"title-box_secondary\">Nos services<\/h3><\/div><!-- \/\/.title-box --><\/section><div class=\"row \"><div class=\"span4 \"><section class=\"lazy-load-box  trigger effect-slidefromleft\" data-delay=\"400\" data-speed=\"800\" style=\"-webkit-transition: all 800ms ease; -moz-transition: all 800ms ease; -ms-transition: all 800ms ease; -o-transition: all 800ms ease; transition: all 800ms ease;\"> <div class=\"title-box clearfix \"><h2 class=\"title-box_primary\"><\/h2><\/div><!-- \/\/.title-box --> <div class=\"list styled arrow-list\">\n<\/div><\/section><\/div><div class=\"span4 \"><section class=\"lazy-load-box  trigger effect-fade\" data-delay=\"200\" data-speed=\"800\" style=\"-webkit-transition: all 800ms ease; -moz-transition: all 800ms ease; -ms-transition: all 800ms ease; -o-transition: all 800ms ease; transition: all 800ms ease;\"><div class=\"list styled arrow-list\">\n<ul>\n<li>R\u00e9paration et entretien<\/li>\n<li>Restauration partielle ou compl\u00e8te<\/li>\n<li>Achat\/vente<\/li>\n<li>Conseils techniques<\/li>\n<li>Carrosserie<\/li>\n<li>Int\u00e9rieur<\/li>\n<li>Cuir<\/li>\n<\/ul>\n<\/div><\/section><\/div><\/div><!-- .row (end) --><section class=\"lazy-load-box  trigger effect-slideup\" data-delay=\"200\" data-speed=\"800\" style=\"-webkit-transition: all 800ms ease; -moz-transition: all 800ms ease; -ms-transition: all 800ms ease; -o-transition: all 800ms ease; transition: all 800ms ease;\"><a href=\"contacts\" title=\"Contactez-nous\" class=\"btn btn-primary btn-normal btn-inline \" target=\"_self\">Contactez-nous<\/a><!-- .btn --><\/section><div class=\"clear\"><\/div><\/div><!-- .content_box (end) --><div class=\"content_box box \"><div class=\"row \"> <div class=\"span2 \"><figure><a href=\"http:\/\/viaduc.opel.ch\/\" target=\"_blank\" rel=\"noopener noreferrer\"><img loading=\"lazy\" decoding=\"async\" class=\"alignnone size-full wp-image-2181\" src=\"http:\/\/www.viaduc.ch\/classics\/wp-content\/uploads\/sites\/2\/2011\/09\/logo-opel-2.png\" alt=\"logo-opel-2\" width=\"106\" height=\"102\" \/><\/a><\/figure><\/div> <div class=\"span2 \"><figure><a href=\"http:\/\/www.suzukiautomobile.ch\/fr\/?gclid=CO-F_KOcisgCFRFmGwodW1EL0w\"><br \/>\n<\/a><a href=\"http:\/\/www.suzukiautomobile.ch\/fr\" target=\"_blank\" rel=\"noopener noreferrer\"><img loading=\"lazy\" decoding=\"async\" class=\"alignnone size-full wp-image-2184\" src=\"http:\/\/www.viaduc.ch\/classics\/wp-content\/uploads\/sites\/2\/2011\/09\/logo-suzuki_2.png\" alt=\"logo-suzuki_2\" width=\"142\" height=\"70\" srcset=\"https:\/\/www.viaduc.ch\/classics\/wp-content\/uploads\/sites\/2\/2011\/09\/logo-suzuki_2.png 142w, https:\/\/www.viaduc.ch\/classics\/wp-content\/uploads\/sites\/2\/2011\/09\/logo-suzuki_2-100x50.png 100w\" sizes=\"auto, (max-width: 142px) 100vw, 142px\" \/><\/a><\/figure><\/div> <div class=\"span2 \"><figure style=\"margin-left: 20px; margin-right: 20px;\">\n<div><\/div>\n<p><a href=\"https:\/\/www.axa-winterthur.ch\/fr\/particuliers\/offres\/assurance-vehicules-automobiles\" target=\"_blank\" rel=\"noopener noreferrer\"><img loading=\"lazy\" decoding=\"async\" class=\"alignnone size-full wp-image-2083\" src=\"http:\/\/www.viaduc.ch\/classics\/wp-content\/uploads\/sites\/2\/2015\/04\/logo-axa.png\" alt=\"logo-axa\" width=\"130\" height=\"80\" \/><\/a><\/figure>\n<p>&nbsp;<\/p><\/div> <div class=\"span2 \"><figure style=\"margin-left: 20px; margin-right: 20px;\">\n<div><\/div>\n<p><a href=\"http:\/\/www.vaudoise.ch\/fr\/accueil.html\" target=\"_blank\" rel=\"noopener noreferrer\"><img loading=\"lazy\" decoding=\"async\" class=\"alignnone size-full wp-image-2081\" src=\"http:\/\/www.viaduc.ch\/classics\/wp-content\/uploads\/sites\/2\/2015\/04\/logo-vaudoise1.png\" alt=\"logo-vaudoise\" width=\"130\" height=\"82\" \/><\/a><\/figure>\n<p>&nbsp;<\/p><\/div> <div class=\"span2 \"><figure>\n<div><\/div>\n<p><a href=\"http:\/\/www.fcr.ch\/\" target=\"_blank\" rel=\"noopener noreferrer\"><img loading=\"lazy\" decoding=\"async\" class=\"alignnone size-full wp-image-2082\" src=\"http:\/\/www.viaduc.ch\/classics\/wp-content\/uploads\/sites\/2\/2015\/04\/logo-fcr1.png\" alt=\"logo-fcr\" width=\"80\" height=\"80\" \/><\/a><\/figure><\/div> <div class=\"span2 \"><figure style=\"margin-left: 20px; margin-right: 20px;\">\n<div><\/div>\n<p><a href=\"https:\/\/www.facebook.com\/Garage-et-Carrosserie-du-Viaduc-SA-159573744101395\/\" target=\"_blank\" rel=\"noopener noreferrer\"><img loading=\"lazy\" decoding=\"async\" class=\"alignnone size-full wp-image-2092\" src=\"http:\/\/www.viaduc.ch\/classics\/wp-content\/uploads\/sites\/2\/2015\/09\/logo-facebook.png\" alt=\"logo-facebook\" width=\"80\" height=\"80\" \/><\/a><\/figure><\/div> <\/div><!-- .row (end) --><div class=\"clear\"><\/div><\/div><!-- .content_box (end) -->\n<\/div>\n<\/div>\n","protected":false},"excerpt":{"rendered":"","protected":false},"author":2,"featured_media":0,"parent":0,"menu_order":0,"comment_status":"closed","ping_status":"closed","template":"page-home.php","meta":{"footnotes":"","_links_to":"","_links_to_target":""},"class_list":["post-203","page","type-page","status-publish","hentry"],"_links":{"self":[{"href":"https:\/\/www.viaduc.ch\/classics\/wp-json\/wp\/v2\/pages\/203","targetHints":{"allow":["GET"]}}],"collection":[{"href":"https:\/\/www.viaduc.ch\/classics\/wp-json\/wp\/v2\/pages"}],"about":[{"href":"https:\/\/www.viaduc.ch\/classics\/wp-json\/wp\/v2\/types\/page"}],"author":[{"embeddable":true,"href":"https:\/\/www.viaduc.ch\/classics\/wp-json\/wp\/v2\/users\/2"}],"replies":[{"embeddable":true,"href":"https:\/\/www.viaduc.ch\/classics\/wp-json\/wp\/v2\/comments?post=203"}],"version-history":[{"count":28,"href":"https:\/\/www.viaduc.ch\/classics\/wp-json\/wp\/v2\/pages\/203\/revisions"}],"predecessor-version":[{"id":2489,"href":"https:\/\/www.viaduc.ch\/classics\/wp-json\/wp\/v2\/pages\/203\/revisions\/2489"}],"wp:attachment":[{"href":"https:\/\/www.viaduc.ch\/classics\/wp-json\/wp\/v2\/media?parent=203"}],"curies":[{"name":"wp","href":"https:\/\/api.w.org\/{rel}","templated":true}]}}