{"id":2041,"date":"2015-09-16T08:08:29","date_gmt":"2015-09-16T07:08:29","guid":{"rendered":"http:\/\/dev.viaduc.ch\/?page_id=2041"},"modified":"2022-03-09T15:51:50","modified_gmt":"2022-03-09T14:51:50","slug":"ville","status":"publish","type":"page","link":"https:\/\/www.viaduc.ch\/bike\/ville\/","title":{"rendered":"Ville"},"content":{"rendered":"<div class=\"mp-row-fluid motopress-row mpce-dsbl-margin-left mpce-dsbl-margin-right\">\n<div class=\"motopress-clmn mp-span12  mpce-dsbl-margin-left mpce-dsbl-margin-right\">\n<div class=\"row \">\n<div class=\"span6 \"><div style=\"width: 604px;\" class=\"wp-video\"><video class=\"wp-video-shortcode\" id=\"video-2041-1\" width=\"604\" height=\"340\" poster=\"https:\/\/www.viaduc.ch\/bike\/wp-content\/uploads\/sites\/3\/2020\/03\/Capture-d\u2019\u00e9cran-2020-03-30-\u00e0-14.13.10.png\" autoplay preload=\"auto\" controls=\"controls\"><source type=\"video\/mp4\" src=\"https:\/\/www.viaduc.ch\/bike\/wp-content\/uploads\/sites\/3\/2020\/03\/video_flyers_bike_VILLE-1.mp4?_=1\" \/><a href=\"https:\/\/www.viaduc.ch\/bike\/wp-content\/uploads\/sites\/3\/2020\/03\/video_flyers_bike_VILLE-1.mp4\">https:\/\/www.viaduc.ch\/bike\/wp-content\/uploads\/sites\/3\/2020\/03\/video_flyers_bike_VILLE-1.mp4<\/a><\/video><\/div><\/div>\n<div class=\"span6 \"><div class=\"service-box align left style_2\"><div class=\"service-box_body\"><h2 class=\"title\">ville<br \/>\nle citadin agile 45-25 km\/h<\/h2><div class=\"service-box_txt\">Rapidement o\u00f9 vous voulez, quand vous voulez \u2026 Libre ! D\u2018aller travailler \u00e0 v\u00e9lo, de rentrer du travail \u00e0 v\u00e9lo, de p\u00e9daler seul ou avec les enfants. D\u2018\u00eatre mobile, de s\u2018affranchir des horaires, du carburant, des places de parc. De se faufiler \u00e0 travers les villes anim\u00e9es, de s\u2018\u00e9chapper sur les routes secondaires. \u00c9vadez-vous avec votre e-bike FLYER.<\/div><\/div><\/div><!-- \/Service Box --><a href=\"velos-a-vendre\" title=\"V\u00e9los en stock disponible de suite\" class=\"btn btn-secondary btn-normal btn-inline \" target=\"_self\">V\u00e9los en stock disponible de suite<\/a><!-- .btn -->\n<a href=\"https:\/\/www.flyer-bikes.com\/fr-ch\/urban\" title=\"Catalogue du fournisseur\" class=\"btn btn-primary btn-normal btn-inline \" target=\"true\">Catalogue du fournisseur<\/a><!-- .btn --><\/div>\n<\/div><!-- .row (end) -->\n<\/div>\n<\/div>\n","protected":false},"excerpt":{"rendered":"https:\/\/www.viaduc.ch\/bike\/wp-content\/uploads\/sites\/3\/2020\/03\/video_flyers_bike_VILLE-1.mp4 ville le citadin agile 45-25 km\/hRapidement o\u00f9 vous voulez, quand vous voulez \u2026 Libre ! D\u2018aller travailler \u00e0 v\u00e9lo, de rentrer du travail \u00e0 v\u00e9lo, de p\u00e9daler seul ou avec les enfants. D\u2018\u00eatre mobile, de s\u2018affranchir des horaires, du carburant, des places de parc. De se faufiler \u00e0 travers les villes anim\u00e9es, de s\u2018\u00e9chapper sur les routes secondaires. \u00c9vadez-vous&nbsp;<a href=\"https:\/\/www.viaduc.ch\/bike\/ville\/\" class=\"read-more\">Lire la suite<\/a>","protected":false},"author":2,"featured_media":0,"parent":0,"menu_order":0,"comment_status":"closed","ping_status":"closed","template":"page-home.php","meta":{"footnotes":"","_links_to":"","_links_to_target":""},"class_list":["post-2041","page","type-page","status-publish","hentry"],"_links":{"self":[{"href":"https:\/\/www.viaduc.ch\/bike\/wp-json\/wp\/v2\/pages\/2041","targetHints":{"allow":["GET"]}}],"collection":[{"href":"https:\/\/www.viaduc.ch\/bike\/wp-json\/wp\/v2\/pages"}],"about":[{"href":"https:\/\/www.viaduc.ch\/bike\/wp-json\/wp\/v2\/types\/page"}],"author":[{"embeddable":true,"href":"https:\/\/www.viaduc.ch\/bike\/wp-json\/wp\/v2\/users\/2"}],"replies":[{"embeddable":true,"href":"https:\/\/www.viaduc.ch\/bike\/wp-json\/wp\/v2\/comments?post=2041"}],"version-history":[{"count":26,"href":"https:\/\/www.viaduc.ch\/bike\/wp-json\/wp\/v2\/pages\/2041\/revisions"}],"predecessor-version":[{"id":2978,"href":"https:\/\/www.viaduc.ch\/bike\/wp-json\/wp\/v2\/pages\/2041\/revisions\/2978"}],"wp:attachment":[{"href":"https:\/\/www.viaduc.ch\/bike\/wp-json\/wp\/v2\/media?parent=2041"}],"curies":[{"name":"wp","href":"https:\/\/api.w.org\/{rel}","templated":true}]}}