{"id":203,"date":"2011-09-14T09:45:02","date_gmt":"2011-09-14T09:45:02","guid":{"rendered":"http:\/\/dev.viaduc.ch\/"},"modified":"2022-03-09T11:56:33","modified_gmt":"2022-03-09T10:56:33","slug":"home","status":"publish","type":"page","link":"https:\/\/www.viaduc.ch\/bike\/","title":{"rendered":"Accueil"},"content":{"rendered":"<div class=\"mp-row-fluid motopress-row mpce-dsbl-margin-left mpce-dsbl-margin-right\">\n<div class=\"motopress-clmn mp-span12  mpce-dsbl-margin-left mpce-dsbl-margin-right\">\n<div class=\"mp-row-fluid motopress-row mpce-dsbl-margin-left mpce-dsbl-margin-right\">\n<div class=\"motopress-clmn mp-span12 mpce-dsbl-margin-left mpce-dsbl-margin-right\">\n<div class=\"row \">\n<div class=\"span4 \"><section class=\"lazy-load-box  trigger effect-slidefromlefttextcenter\" data-delay=\"400\" data-speed=\"800\" style=\"-webkit-transition: all 800ms ease; -moz-transition: all 800ms ease; -ms-transition: all 800ms ease; -o-transition: all 800ms ease; transition: all 800ms ease;\"><div class=\"service-box style_1 text-center\"><figure class=\"icon\"><img decoding=\"async\" src=\"https:\/\/www.viaduc.ch\/bike\/wp-content\/themes\/theme53987\/images\/icon1.png\" alt=\"\" \/><\/figure><div class=\"service-box_body\"><h2 class=\"title\">MONTAGNE<\/h2><div class=\"btn-align\"><a href=\"montagne\" title=\"En savoir plus\" class=\"btn btn-inverse btn-normal btn-primary \" target=\"_self\">En savoir plus<\/a><\/div><\/div><\/div><!-- \/Service Box --><\/section><\/div><div class=\"span4 \"><section class=\"lazy-load-box  trigger effect-slidefromleft\" data-delay=\"200\" data-speed=\"800\" style=\"-webkit-transition: all 800ms ease; -moz-transition: all 800ms ease; -ms-transition: all 800ms ease; -o-transition: all 800ms ease; transition: all 800ms ease;\"><div class=\"service-box style_1 text-center\"><figure class=\"icon\"><img decoding=\"async\" src=\"https:\/\/www.viaduc.ch\/bike\/wp-content\/themes\/theme53987\/images\/icon2.png\" alt=\"\" \/><\/figure><div class=\"service-box_body\"><h2 class=\"title\">PLAINE<\/h2><div class=\"btn-align\"><a href=\"plaine\" title=\"En savoir plus\" class=\"btn btn-inverse btn-normal btn-primary \" target=\"_self\">En savoir plus<\/a><\/div><\/div><\/div><!-- \/Service Box --><\/section><\/div><div class=\"span4 \"><section class=\"lazy-load-box  trigger effect-slidefromright\" data-delay=\"200\" data-speed=\"800\" style=\"-webkit-transition: all 800ms ease; -moz-transition: all 800ms ease; -ms-transition: all 800ms ease; -o-transition: all 800ms ease; transition: all 800ms ease;\"><div class=\"service-box style_1 text-center\"><figure class=\"icon\"><img decoding=\"async\" src=\"https:\/\/www.viaduc.ch\/bike\/wp-content\/themes\/theme53987\/images\/icon3.png\" alt=\"\" \/><\/figure><div class=\"service-box_body\"><h2 class=\"title\">VILLE<\/h2><div class=\"btn-align\"><a href=\"ville\" title=\"En savoir plus\" class=\"btn btn-inverse btn-normal btn-primary \" target=\"_self\">En savoir plus<\/a><\/div><\/div><\/div><!-- \/Service Box --><\/section><\/div>\n<p>&nbsp;<\/p>\n<\/div><!-- .row (end) --><div class=\"row \"><div class=\"span6 \"><section class=\"lazy-load-box  trigger effect-slidefromleft\" data-delay=\"200\" data-speed=\"800\" style=\"-webkit-transition: all 800ms ease; -moz-transition: all 800ms ease; -ms-transition: all 800ms ease; -o-transition: all 800ms ease; transition: all 800ms ease;\">\n<p>&nbsp;<\/p>\n<p><a href=\"https:\/\/www.viaduc.ch\/bike\/wp-content\/uploads\/sites\/3\/2020\/03\/case-grise-scaled-1.jpg\"><img loading=\"lazy\" decoding=\"async\" class=\"alignnone wp-image-2630\" src=\"https:\/\/www.viaduc.ch\/bike\/wp-content\/uploads\/sites\/3\/2020\/04\/Capture-d\u2019\u00e9cran-2020-04-04-\u00e0-09.19.35-copie.png\" alt=\"\" width=\"568\" height=\"314\" \/><\/a><\/p>\n<p>&nbsp;<\/p>\n<\/section><\/div><div class=\"span6 \"><section class=\"lazy-load-box  trigger effect-slidefromright\" data-delay=\"200\" data-speed=\"800\" style=\"-webkit-transition: all 800ms ease; -moz-transition: all 800ms ease; -ms-transition: all 800ms ease; -o-transition: all 800ms ease; transition: all 800ms ease;\"><div class=\"service-box style_2 text-left\"><div class=\"service-box_body\"><h2 class=\"title\">Bienvenue<\/h2><h5 class=\"sub-title\">dans notre d\u00e9partement<br \/>\nviaduc E-bike<\/h5><div class=\"service-box_txt\">Entreprise familiale situ\u00e9e \u00e0 Villeneuve depuis plus de 30 ans, le Garage et Carrosserie du Viaduc est \u00e0 la pointe des derni\u00e8res technologies. Nous mettons au service de notre client\u00e8le toute notre exp\u00e9rience et notre savoir-faire. Passionn\u00e9s par l\u2019automobile et par la mobilit\u00e9 en g\u00e9n\u00e9ral, sensibles aux questions \u00e9cologiques et au swiss made ; les v\u00e9los \u00e9lectriques r\u00e9pondent aux besoins actuels d\u2019\u00e9volution. Les v\u00e9los FLYER nous ont convaincus et s\u00e9duits. Venez d\u00e9couvrir sur place tous les diff\u00e9rents mod\u00e8les et les essayer.<\/div><\/div><\/div><!-- \/Service Box --><a href=\"velos-a-vendre\" title=\"V\u00e9los en stock disponible de suite\" class=\"btn btn-primary btn-normal btn-inline \" target=\"_self\">V\u00e9los en stock disponible de suite<\/a><!-- .btn --><\/section><\/div><\/div><!-- .row (end) --><div class=\"content_box  \"><section class=\"lazy-load-box  trigger effect-fade\" data-delay=\"200\" data-speed=\"800\" style=\"-webkit-transition: all 800ms ease; -moz-transition: all 800ms ease; -ms-transition: all 800ms ease; -o-transition: all 800ms ease; transition: all 800ms ease;\"><div class=\"title-box clearfix \"><h2 class=\"title-box_primary\"><\/h2><h3 class=\"title-box_secondary\">Nos services<\/h3><\/div><!-- \/\/.title-box --><\/section><div class=\"row \"><div class=\"span4 \"><section class=\"lazy-load-box  trigger effect-slidefromleft\" data-delay=\"400\" data-speed=\"800\" style=\"-webkit-transition: all 800ms ease; -moz-transition: all 800ms ease; -ms-transition: all 800ms ease; -o-transition: all 800ms ease; transition: all 800ms ease;\"><div class=\"list styled arrow-list\"><\/div><\/section><\/div><div class=\"span4 \"><section class=\"lazy-load-box  trigger effect-fade\" data-delay=\"200\" data-speed=\"800\" style=\"-webkit-transition: all 800ms ease; -moz-transition: all 800ms ease; -ms-transition: all 800ms ease; -o-transition: all 800ms ease; transition: all 800ms ease;\"><div class=\"list styled arrow-list\">\n<ul>\n<li>Conseil et vente<\/li>\n<li>Atelier de r\u00e9paration et entretien<\/li>\n<li>E-bike de remplacement<\/li>\n<\/ul>\n<\/div><\/section><\/div><\/div><!-- .row (end) --><section class=\"lazy-load-box  trigger effect-slideup\" data-delay=\"200\" data-speed=\"800\" style=\"-webkit-transition: all 800ms ease; -moz-transition: all 800ms ease; -ms-transition: all 800ms ease; -o-transition: all 800ms ease; transition: all 800ms ease;\"><a href=\"contacts\" title=\"Contactez-nous\" class=\"btn btn-primary btn-normal btn-inline \" target=\"_self\">Contactez-nous<\/a><!-- .btn --><\/section><div class=\"clear\"><\/div><\/div><!-- .content_box (end) -->\n<\/div>\n<\/div>\n<div class=\"mp-row-fluid motopress-row mpce-dsbl-margin-left mpce-dsbl-margin-right\">\n<div class=\"motopress-clmn mp-span3 mpce-dsbl-margin-left mpce-dsbl-margin-right motopress-empty mp-hidden-phone\">\n<\/div>\n<div class=\"motopress-clmn mp-span6 mpce-dsbl-margin-left mpce-dsbl-margin-right\">\n<div class=\"motopress-image-obj motopress-text-align-left motopress-margin-bottom-50\"><img decoding=\"async\" src=\"https:\/\/www.viaduc.ch\/bike\/wp-content\/uploads\/sites\/3\/2020\/02\/fyler.jpg\" title=\"fyler\" alt=\"fyler\" class=\"motopress-image-obj-basic mpce-dsbl-margin-left mpce-dsbl-margin-right mpce-dsbl-margin-top mpce-dsbl-margin-bottom\" \/><\/div>\n<\/div>\n<div class=\"motopress-clmn mp-span3 mpce-dsbl-margin-left mpce-dsbl-margin-right motopress-empty mp-hidden-phone\">\n<\/div>\n<\/div>\n<\/div>\n<\/div>\n","protected":false},"excerpt":{"rendered":"MONTAGNEEn savoir plusPLAINEEn savoir plusVILLEEn savoir plus &nbsp; &nbsp; &nbsp; Bienvenuedans notre d\u00e9partement viaduc E-bikeEntreprise familiale situ\u00e9e \u00e0 Villeneuve depuis plus de 30 ans, le Garage et Carrosserie du Viaduc est \u00e0 la pointe des derni\u00e8res technologies. Nous mettons au service de notre client\u00e8le toute notre exp\u00e9rience et notre savoir-faire. Passionn\u00e9s par l\u2019automobile et par la mobilit\u00e9 en g\u00e9n\u00e9ral, sensibles&nbsp;<a href=\"https:\/\/www.viaduc.ch\/bike\/\" class=\"read-more\">Lire la suite<\/a>","protected":false},"author":2,"featured_media":0,"parent":0,"menu_order":0,"comment_status":"closed","ping_status":"closed","template":"page-home.php","meta":{"footnotes":"","_links_to":"","_links_to_target":""},"class_list":["post-203","page","type-page","status-publish","hentry"],"_links":{"self":[{"href":"https:\/\/www.viaduc.ch\/bike\/wp-json\/wp\/v2\/pages\/203","targetHints":{"allow":["GET"]}}],"collection":[{"href":"https:\/\/www.viaduc.ch\/bike\/wp-json\/wp\/v2\/pages"}],"about":[{"href":"https:\/\/www.viaduc.ch\/bike\/wp-json\/wp\/v2\/types\/page"}],"author":[{"embeddable":true,"href":"https:\/\/www.viaduc.ch\/bike\/wp-json\/wp\/v2\/users\/2"}],"replies":[{"embeddable":true,"href":"https:\/\/www.viaduc.ch\/bike\/wp-json\/wp\/v2\/comments?post=203"}],"version-history":[{"count":48,"href":"https:\/\/www.viaduc.ch\/bike\/wp-json\/wp\/v2\/pages\/203\/revisions"}],"predecessor-version":[{"id":2919,"href":"https:\/\/www.viaduc.ch\/bike\/wp-json\/wp\/v2\/pages\/203\/revisions\/2919"}],"wp:attachment":[{"href":"https:\/\/www.viaduc.ch\/bike\/wp-json\/wp\/v2\/media?parent=203"}],"curies":[{"name":"wp","href":"https:\/\/api.w.org\/{rel}","templated":true}]}}